{"id":4568,"date":"2024-09-15T22:12:24","date_gmt":"2024-09-15T22:12:24","guid":{"rendered":"https:\/\/etosoto.com\/a-propos\/"},"modified":"2024-09-18T15:09:41","modified_gmt":"2024-09-18T15:09:41","slug":"a-propos","status":"publish","type":"page","link":"https:\/\/etosoto.com\/fr\/a-propos\/","title":{"rendered":"\u00c0 propos"},"content":{"rendered":"\t\t<div data-elementor-type=\"wp-page\" data-elementor-id=\"4568\" class=\"elementor elementor-4568\" data-elementor-post-type=\"page\">\n\t\t\t\t<div class=\"elementor-element elementor-element-6a0daae2 e-flex e-con-boxed e-con e-parent\" data-id=\"6a0daae2\" data-element_type=\"container\" data-settings=\"{&quot;background_background&quot;:&quot;classic&quot;}\">\n\t\t\t\t\t<div class=\"e-con-inner\">\n\t\t\t\t<div class=\"elementor-element elementor-element-7f350f93 elementor-widget elementor-widget-heading\" data-id=\"7f350f93\" data-element_type=\"widget\" data-widget_type=\"heading.default\">\n\t\t\t\t<div class=\"elementor-widget-container\">\n\t\t\t<h2 class=\"elementor-heading-title elementor-size-default\">\u00c0 PROPOS DE NOUS<\/h2>\t\t<\/div>\n\t\t\t\t<\/div>\n\t\t\t\t\t<\/div>\n\t\t\t\t<\/div>\n\t\t<div class=\"elementor-element elementor-element-2473fff3 e-flex e-con-boxed e-con e-parent\" data-id=\"2473fff3\" data-element_type=\"container\">\n\t\t\t\t\t<div class=\"e-con-inner\">\n\t\t<div class=\"elementor-element elementor-element-790c2011 e-con-full e-flex e-con e-child\" data-id=\"790c2011\" data-element_type=\"container\">\n\t\t\t\t<div class=\"elementor-element elementor-element-3b7de8f6 elementor-widget elementor-widget-image\" data-id=\"3b7de8f6\" data-element_type=\"widget\" data-widget_type=\"image.default\">\n\t\t\t\t<div class=\"elementor-widget-container\">\n\t\t\t\t\t\t\t\t\t\t\t\t\t<img fetchpriority=\"high\" decoding=\"async\" width=\"900\" height=\"909\" src=\"https:\/\/etosoto.com\/wp-content\/uploads\/2024\/09\/etosoto-aboutus-1.jpg\" class=\"attachment-full size-full wp-image-4291\" alt=\"\" srcset=\"https:\/\/etosoto.com\/wp-content\/uploads\/2024\/09\/etosoto-aboutus-1.jpg 900w, https:\/\/etosoto.com\/wp-content\/uploads\/2024\/09\/etosoto-aboutus-1-297x300.jpg 297w, https:\/\/etosoto.com\/wp-content\/uploads\/2024\/09\/etosoto-aboutus-1-768x776.jpg 768w, https:\/\/etosoto.com\/wp-content\/uploads\/2024\/09\/etosoto-aboutus-1-125x125.jpg 125w\" sizes=\"(max-width: 900px) 100vw, 900px\" \/>\t\t\t\t\t\t\t\t\t\t\t\t\t<\/div>\n\t\t\t\t<\/div>\n\t\t\t\t<div class=\"elementor-element elementor-element-6a648f5d elementor-widget elementor-widget-text-editor\" data-id=\"6a648f5d\" data-element_type=\"widget\" data-widget_type=\"text-editor.default\">\n\t\t\t\t<div class=\"elementor-widget-container\">\n\t\t\t\t\t\t\t<strong>ETO<\/strong>: signifiant litt\u00e9ralement \u00ab Earth To Orbit \u00bb, cet acronyme sugg\u00e8re l\u2019id\u00e9e selon laquelle chaque moment pass\u00e9 semble hors du temps. Les journ\u00e9es sont rythm\u00e9es par diverses d\u00e9couvertes et se d\u00e9roulent en s\u2019alignant sur les cycles de la nature. La d\u00e9connexion s\u2019op\u00e8re gr\u00e2ce aux \u00e9l\u00e9ments qui nous entourent, sur le mod\u00e8le d\u2019un cercle vertueux.\t\t\t\t\t\t<\/div>\n\t\t\t\t<\/div>\n\t\t\t\t<div class=\"elementor-element elementor-element-3d9ea7c0 elementor-widget elementor-widget-text-editor\" data-id=\"3d9ea7c0\" data-element_type=\"widget\" data-widget_type=\"text-editor.default\">\n\t\t\t\t<div class=\"elementor-widget-container\">\n\t\t\t\t\t\t\t<strong>SOTO<\/strong>: il s\u2019agit d\u2019un courant port\u00e9 par une \u00e9cole de pens\u00e9e japonaise, o\u00f9 les notions de \u00ab pratique \u00bb et d\u2019\u00ab \u00e9veil \u00bb ne font qu\u2019un. SOTO correspond \u00e9galement \u00e0 un terme japonais signifiant \u00ab dehors \u00bb. Le voyageur quitte sa terre habituelle pour s\u2019ouvrir \u00e0 de nouvelles personnes, cultures, exp\u00e9riences et habitudes.<br>\n\u00ab On ne peut comprendre l\u2019homme en dehors de la nature, et la nature est incompr\u00e9hensible sans l\u2019homme \u00bb \u2013 Hamilton Wright Mabie.\t\t\t\t\t\t<\/div>\n\t\t\t\t<\/div>\n\t\t\t\t<\/div>\n\t\t<div class=\"elementor-element elementor-element-1b7a4765 e-con-full e-flex e-con e-child\" data-id=\"1b7a4765\" data-element_type=\"container\">\n\t\t\t\t<div class=\"elementor-element elementor-element-133f1fef elementor-widget elementor-widget-text-editor\" data-id=\"133f1fef\" data-element_type=\"widget\" data-widget_type=\"text-editor.default\">\n\t\t\t\t<div class=\"elementor-widget-container\">\n\t\t\t\t\t\t\tEtosoto est un projet d\u2019\u00e9co-h\u00f4tel mont\u00e9 par une \u00e9quipe multidisciplinaire motiv\u00e9e par la volont\u00e9 de cr\u00e9er un lieu permettant d\u2019accro\u00eetre notre lien \u00e0 la nature, avec un regard po\u00e9tique et sobre. C\u2019est une d\u00e9marche exploratoire, en phase avec les enjeux sociaux contemporains, sur la probl\u00e9matique de construire et d\u2019habiter des lieux naturels pr\u00e9serv\u00e9s sans nuire, se fondre et s\u2019int\u00e9grer, tout en participant activement au soutien de l\u2019\u00e9cosyst\u00e8me. Ce projet propose une approche douce, o\u00f9 l\u2019homme ne s\u2019impose pas en colonisateur de la nature, mais s\u2019int\u00e8gre dans un r\u00e9seau trophique stable et r\u00e9silient.\t\t\t\t\t\t<\/div>\n\t\t\t\t<\/div>\n\t\t\t\t<div class=\"elementor-element elementor-element-64de4747 elementor-widget elementor-widget-image\" data-id=\"64de4747\" data-element_type=\"widget\" data-widget_type=\"image.default\">\n\t\t\t\t<div class=\"elementor-widget-container\">\n\t\t\t\t\t\t\t\t\t\t\t\t\t<img decoding=\"async\" width=\"300\" height=\"400\" src=\"https:\/\/etosoto.com\/wp-content\/uploads\/2024\/09\/etosoto-aboutus-2-1.jpg\" class=\"attachment-full size-full wp-image-4294\" alt=\"\" srcset=\"https:\/\/etosoto.com\/wp-content\/uploads\/2024\/09\/etosoto-aboutus-2-1.jpg 300w, https:\/\/etosoto.com\/wp-content\/uploads\/2024\/09\/etosoto-aboutus-2-1-225x300.jpg 225w\" sizes=\"(max-width: 300px) 100vw, 300px\" \/>\t\t\t\t\t\t\t\t\t\t\t\t\t<\/div>\n\t\t\t\t<\/div>\n\t\t\t\t<div class=\"elementor-element elementor-element-2311814f elementor-widget elementor-widget-text-editor\" data-id=\"2311814f\" data-element_type=\"widget\" data-widget_type=\"text-editor.default\">\n\t\t\t\t<div class=\"elementor-widget-container\">\n\t\t\t\t\t\t\tDans un d\u00e9sir de singularit\u00e9 et de libert\u00e9 d\u2019innovation, nous r\u00e9alisons nous-m\u00eames l\u2019ensemble du processus de recherche, de cr\u00e9ation et de fabrication : architecture, techniques constructives, moyens d\u2019autosuffisance et de recyclage, transformation de la mati\u00e8re premi\u00e8re (bois), construction, agroforesterie et gestion active de la flore. Une pleine libert\u00e9 qui nous permet une plus grande flexibilit\u00e9 d\u2019innovation. Ce projet est r\u00e9alis\u00e9 en association avec Policronica, un studio de design et d\u2019architecture, et nous avons reconverti une usine abandonn\u00e9e pour y \u00e9tablir notre centre de fabrication.\t\t\t\t\t\t<\/div>\n\t\t\t\t<\/div>\n\t\t\t\t<\/div>\n\t\t\t\t\t<\/div>\n\t\t\t\t<\/div>\n\t\t<div class=\"elementor-element elementor-element-2c91162 e-flex e-con-boxed e-con e-parent\" data-id=\"2c91162\" data-element_type=\"container\" data-settings=\"{&quot;background_background&quot;:&quot;classic&quot;}\">\n\t\t\t\t\t<div class=\"e-con-inner\">\n\t\t\t\t<div class=\"elementor-element elementor-element-2c76f69 elementor-widget elementor-widget-text-editor\" data-id=\"2c76f69\" data-element_type=\"widget\" data-widget_type=\"text-editor.default\">\n\t\t\t\t<div class=\"elementor-widget-container\">\n\t\t\t\t\t\t\tPOUR TOUTE QUESTION, N&rsquo;HESITEZ PAS A NOUS CONTACTER PAR TELEPHONE OU PAR EMAIL.<br> NOUS SERONS RAVIS DE VOUS AIDER.\t\t\t\t\t\t<\/div>\n\t\t\t\t<\/div>\n\t\t<div class=\"elementor-element elementor-element-b377036 e-con-full e-flex e-con e-child\" data-id=\"b377036\" data-element_type=\"container\">\n\t\t<div class=\"elementor-element elementor-element-ea213ee e-con-full e-flex e-con e-child\" data-id=\"ea213ee\" data-element_type=\"container\">\n\t\t\t\t<div class=\"elementor-element elementor-element-2c4d96e elementor-view-default elementor-position-top elementor-mobile-position-top elementor-widget elementor-widget-icon-box\" data-id=\"2c4d96e\" data-element_type=\"widget\" data-widget_type=\"icon-box.default\">\n\t\t\t\t<div class=\"elementor-widget-container\">\n\t\t\t\t\t<div class=\"elementor-icon-box-wrapper\">\n\n\t\t\t\t\t\t<div class=\"elementor-icon-box-icon\">\n\t\t\t\t<span  class=\"elementor-icon elementor-animation-\">\n\t\t\t\t<svg aria-hidden=\"true\" class=\"e-font-icon-svg e-fas-envelope\" viewBox=\"0 0 512 512\" xmlns=\"http:\/\/www.w3.org\/2000\/svg\"><path d=\"M502.3 190.8c3.9-3.1 9.7-.2 9.7 4.7V400c0 26.5-21.5 48-48 48H48c-26.5 0-48-21.5-48-48V195.6c0-5 5.7-7.8 9.7-4.7 22.4 17.4 52.1 39.5 154.1 113.6 21.1 15.4 56.7 47.8 92.2 47.6 35.7.3 72-32.8 92.3-47.6 102-74.1 131.6-96.3 154-113.7zM256 320c23.2.4 56.6-29.2 73.4-41.4 132.7-96.3 142.8-104.7 173.4-128.7 5.8-4.5 9.2-11.5 9.2-18.9v-19c0-26.5-21.5-48-48-48H48C21.5 64 0 85.5 0 112v19c0 7.4 3.4 14.3 9.2 18.9 30.6 23.9 40.7 32.4 173.4 128.7 16.8 12.2 50.2 41.8 73.4 41.4z\"><\/path><\/svg>\t\t\t\t<\/span>\n\t\t\t<\/div>\n\t\t\t\n\t\t\t\t\t\t<div class=\"elementor-icon-box-content\">\n\n\t\t\t\t\n\t\t\t\t\t\t\t\t\t<p class=\"elementor-icon-box-description\">\n\t\t\t\t\t\tcontact @ etosoto.com\n\t\t\t\t\t<\/p>\n\t\t\t\t\n\t\t\t<\/div>\n\t\t\t\n\t\t<\/div>\n\t\t\t\t<\/div>\n\t\t\t\t<\/div>\n\t\t\t\t<\/div>\n\t\t<div class=\"elementor-element elementor-element-340575e e-con-full e-flex e-con e-child\" data-id=\"340575e\" data-element_type=\"container\">\n\t\t\t\t<div class=\"elementor-element elementor-element-b019715 elementor-view-default elementor-position-top elementor-mobile-position-top elementor-widget elementor-widget-icon-box\" data-id=\"b019715\" data-element_type=\"widget\" data-widget_type=\"icon-box.default\">\n\t\t\t\t<div class=\"elementor-widget-container\">\n\t\t\t\t\t<div class=\"elementor-icon-box-wrapper\">\n\n\t\t\t\t\t\t<div class=\"elementor-icon-box-icon\">\n\t\t\t\t<span  class=\"elementor-icon elementor-animation-\">\n\t\t\t\t<svg aria-hidden=\"true\" class=\"e-font-icon-svg e-fas-map-marker-alt\" viewBox=\"0 0 384 512\" xmlns=\"http:\/\/www.w3.org\/2000\/svg\"><path d=\"M172.268 501.67C26.97 291.031 0 269.413 0 192 0 85.961 85.961 0 192 0s192 85.961 192 192c0 77.413-26.97 99.031-172.268 309.67-9.535 13.774-29.93 13.773-39.464 0zM192 272c44.183 0 80-35.817 80-80s-35.817-80-80-80-80 35.817-80 80 35.817 80 80 80z\"><\/path><\/svg>\t\t\t\t<\/span>\n\t\t\t<\/div>\n\t\t\t\n\t\t\t\t\t\t<div class=\"elementor-icon-box-content\">\n\n\t\t\t\t\n\t\t\t\t\t\t\t\t\t<p class=\"elementor-icon-box-description\">\n\t\t\t\t\t\tEtosoto Cabo Espichel<br>\nAvenida 25 de Abril<br>\nEstrada Nacional 379 \u2013 Az\u00f3ia<br>\n2970-171 Sesimbra, Portugal\t\t\t\t\t<\/p>\n\t\t\t\t\n\t\t\t<\/div>\n\t\t\t\n\t\t<\/div>\n\t\t\t\t<\/div>\n\t\t\t\t<\/div>\n\t\t\t\t<\/div>\n\t\t<div class=\"elementor-element elementor-element-7a8ec41 e-con-full e-flex e-con e-child\" data-id=\"7a8ec41\" data-element_type=\"container\">\n\t\t\t\t<div class=\"elementor-element elementor-element-1114851 elementor-view-default elementor-position-top elementor-mobile-position-top elementor-widget elementor-widget-icon-box\" data-id=\"1114851\" data-element_type=\"widget\" data-widget_type=\"icon-box.default\">\n\t\t\t\t<div class=\"elementor-widget-container\">\n\t\t\t\t\t<div class=\"elementor-icon-box-wrapper\">\n\n\t\t\t\t\t\t<div class=\"elementor-icon-box-icon\">\n\t\t\t\t<span  class=\"elementor-icon elementor-animation-\">\n\t\t\t\t<svg aria-hidden=\"true\" class=\"e-font-icon-svg e-fas-phone-alt\" viewBox=\"0 0 512 512\" xmlns=\"http:\/\/www.w3.org\/2000\/svg\"><path d=\"M497.39 361.8l-112-48a24 24 0 0 0-28 6.9l-49.6 60.6A370.66 370.66 0 0 1 130.6 204.11l60.6-49.6a23.94 23.94 0 0 0 6.9-28l-48-112A24.16 24.16 0 0 0 122.6.61l-104 24A24 24 0 0 0 0 48c0 256.5 207.9 464 464 464a24 24 0 0 0 23.4-18.6l24-104a24.29 24.29 0 0 0-14.01-27.6z\"><\/path><\/svg>\t\t\t\t<\/span>\n\t\t\t<\/div>\n\t\t\t\n\t\t\t\t\t\t<div class=\"elementor-icon-box-content\">\n\n\t\t\t\t\n\t\t\t\t\t\t\t\t\t<p class=\"elementor-icon-box-description\">\n\t\t\t\t\t\t+315 933 289 068\t\t\t\t\t<\/p>\n\t\t\t\t\n\t\t\t<\/div>\n\t\t\t\n\t\t<\/div>\n\t\t\t\t<\/div>\n\t\t\t\t<\/div>\n\t\t\t\t<\/div>\n\t\t<div class=\"elementor-element elementor-element-5e7df86 e-con-full e-flex e-con e-child\" data-id=\"5e7df86\" data-element_type=\"container\">\n\t\t\t\t<div class=\"elementor-element elementor-element-64f13e5 elementor-shape-rounded elementor-grid-0 e-grid-align-center elementor-widget elementor-widget-social-icons\" data-id=\"64f13e5\" data-element_type=\"widget\" data-widget_type=\"social-icons.default\">\n\t\t\t\t<div class=\"elementor-widget-container\">\n\t\t\t\t\t<div class=\"elementor-social-icons-wrapper elementor-grid\">\n\t\t\t\t\t\t\t<span class=\"elementor-grid-item\">\n\t\t\t\t\t<a class=\"elementor-icon elementor-social-icon elementor-social-icon-pinterest elementor-repeater-item-e016a61\" href=\"https:\/\/pt.pinterest.com\/etosoto\/\" target=\"_blank\" rel=\"noopener\">\n\t\t\t\t\t\t<span class=\"elementor-screen-only\">Pinterest<\/span>\n\t\t\t\t\t\t<svg class=\"e-font-icon-svg e-fab-pinterest\" viewBox=\"0 0 496 512\" xmlns=\"http:\/\/www.w3.org\/2000\/svg\"><path d=\"M496 256c0 137-111 248-248 248-25.6 0-50.2-3.9-73.4-11.1 10.1-16.5 25.2-43.5 30.8-65 3-11.6 15.4-59 15.4-59 8.1 15.4 31.7 28.5 56.8 28.5 74.8 0 128.7-68.8 128.7-154.3 0-81.9-66.9-143.2-152.9-143.2-107 0-163.9 71.8-163.9 150.1 0 36.4 19.4 81.7 50.3 96.1 4.7 2.2 7.2 1.2 8.3-3.3.8-3.4 5-20.3 6.9-28.1.6-2.5.3-4.7-1.7-7.1-10.1-12.5-18.3-35.3-18.3-56.6 0-54.7 41.4-107.6 112-107.6 60.9 0 103.6 41.5 103.6 100.9 0 67.1-33.9 113.6-78 113.6-24.3 0-42.6-20.1-36.7-44.8 7-29.5 20.5-61.3 20.5-82.6 0-19-10.2-34.9-31.4-34.9-24.9 0-44.9 25.7-44.9 60.2 0 22 7.4 36.8 7.4 36.8s-24.5 103.8-29 123.2c-5 21.4-3 51.6-.9 71.2C65.4 450.9 0 361.1 0 256 0 119 111 8 248 8s248 111 248 248z\"><\/path><\/svg>\t\t\t\t\t<\/a>\n\t\t\t\t<\/span>\n\t\t\t\t\t\t\t<span class=\"elementor-grid-item\">\n\t\t\t\t\t<a class=\"elementor-icon elementor-social-icon elementor-social-icon-facebook elementor-repeater-item-368fbd5\" href=\"https:\/\/www.facebook.com\/etosotofarming\" target=\"_blank\" rel=\"noopener\">\n\t\t\t\t\t\t<span class=\"elementor-screen-only\">Facebook<\/span>\n\t\t\t\t\t\t<svg class=\"e-font-icon-svg e-fab-facebook\" viewBox=\"0 0 512 512\" xmlns=\"http:\/\/www.w3.org\/2000\/svg\"><path d=\"M504 256C504 119 393 8 256 8S8 119 8 256c0 123.78 90.69 226.38 209.25 245V327.69h-63V256h63v-54.64c0-62.15 37-96.48 93.67-96.48 27.14 0 55.52 4.84 55.52 4.84v61h-31.28c-30.8 0-40.41 19.12-40.41 38.73V256h68.78l-11 71.69h-57.78V501C413.31 482.38 504 379.78 504 256z\"><\/path><\/svg>\t\t\t\t\t<\/a>\n\t\t\t\t<\/span>\n\t\t\t\t\t\t\t<span class=\"elementor-grid-item\">\n\t\t\t\t\t<a class=\"elementor-icon elementor-social-icon elementor-social-icon-instagram elementor-repeater-item-92f5d48\" href=\"https:\/\/www.instagram.com\/etosoto\" target=\"_blank\" rel=\"noopener\">\n\t\t\t\t\t\t<span class=\"elementor-screen-only\">Instagram<\/span>\n\t\t\t\t\t\t<svg class=\"e-font-icon-svg e-fab-instagram\" viewBox=\"0 0 448 512\" xmlns=\"http:\/\/www.w3.org\/2000\/svg\"><path d=\"M224.1 141c-63.6 0-114.9 51.3-114.9 114.9s51.3 114.9 114.9 114.9S339 319.5 339 255.9 287.7 141 224.1 141zm0 189.6c-41.1 0-74.7-33.5-74.7-74.7s33.5-74.7 74.7-74.7 74.7 33.5 74.7 74.7-33.6 74.7-74.7 74.7zm146.4-194.3c0 14.9-12 26.8-26.8 26.8-14.9 0-26.8-12-26.8-26.8s12-26.8 26.8-26.8 26.8 12 26.8 26.8zm76.1 27.2c-1.7-35.9-9.9-67.7-36.2-93.9-26.2-26.2-58-34.4-93.9-36.2-37-2.1-147.9-2.1-184.9 0-35.8 1.7-67.6 9.9-93.9 36.1s-34.4 58-36.2 93.9c-2.1 37-2.1 147.9 0 184.9 1.7 35.9 9.9 67.7 36.2 93.9s58 34.4 93.9 36.2c37 2.1 147.9 2.1 184.9 0 35.9-1.7 67.7-9.9 93.9-36.2 26.2-26.2 34.4-58 36.2-93.9 2.1-37 2.1-147.8 0-184.8zM398.8 388c-7.8 19.6-22.9 34.7-42.6 42.6-29.5 11.7-99.5 9-132.1 9s-102.7 2.6-132.1-9c-19.6-7.8-34.7-22.9-42.6-42.6-11.7-29.5-9-99.5-9-132.1s-2.6-102.7 9-132.1c7.8-19.6 22.9-34.7 42.6-42.6 29.5-11.7 99.5-9 132.1-9s102.7-2.6 132.1 9c19.6 7.8 34.7 22.9 42.6 42.6 11.7 29.5 9 99.5 9 132.1s2.7 102.7-9 132.1z\"><\/path><\/svg>\t\t\t\t\t<\/a>\n\t\t\t\t<\/span>\n\t\t\t\t\t<\/div>\n\t\t\t\t<\/div>\n\t\t\t\t<\/div>\n\t\t\t\t<div class=\"elementor-element elementor-element-0df40c6 elementor-widget elementor-widget-text-editor\" data-id=\"0df40c6\" data-element_type=\"widget\" data-widget_type=\"text-editor.default\">\n\t\t\t\t<div class=\"elementor-widget-container\">\n\t\t\t\t\t\t\tMENTIONS L\u00c9GALES\t\t\t\t\t\t<\/div>\n\t\t\t\t<\/div>\n\t\t\t\t<\/div>\n\t\t\t\t<\/div>\n\t\t\t\t\t<\/div>\n\t\t\t\t<\/div>\n\t\t\t\t<\/div>\n\t\t","protected":false},"excerpt":{"rendered":"<p>\u00c0 PROPOS DE NOUS ETO: signifiant litt\u00e9ralement \u00ab Earth To Orbit \u00bb, cet acronyme sugg\u00e8re l\u2019id\u00e9e selon laquelle chaque moment pass\u00e9 semble hors du temps. Les journ\u00e9es sont rythm\u00e9es par diverses d\u00e9couvertes et se d\u00e9roulent en s\u2019alignant sur les cycles de la nature. La d\u00e9connexion s\u2019op\u00e8re gr\u00e2ce aux \u00e9l\u00e9ments qui nous entourent, sur le mod\u00e8le [&hellip;]<\/p>\n","protected":false},"author":1,"featured_media":0,"parent":0,"menu_order":0,"comment_status":"closed","ping_status":"closed","template":"elementor_header_footer","meta":{"rank_math_lock_modified_date":false,"footnotes":""},"class_list":["post-4568","page","type-page","status-publish","hentry"],"_links":{"self":[{"href":"https:\/\/etosoto.com\/fr\/wp-json\/wp\/v2\/pages\/4568"}],"collection":[{"href":"https:\/\/etosoto.com\/fr\/wp-json\/wp\/v2\/pages"}],"about":[{"href":"https:\/\/etosoto.com\/fr\/wp-json\/wp\/v2\/types\/page"}],"author":[{"embeddable":true,"href":"https:\/\/etosoto.com\/fr\/wp-json\/wp\/v2\/users\/1"}],"replies":[{"embeddable":true,"href":"https:\/\/etosoto.com\/fr\/wp-json\/wp\/v2\/comments?post=4568"}],"version-history":[{"count":0,"href":"https:\/\/etosoto.com\/fr\/wp-json\/wp\/v2\/pages\/4568\/revisions"}],"wp:attachment":[{"href":"https:\/\/etosoto.com\/fr\/wp-json\/wp\/v2\/media?parent=4568"}],"curies":[{"name":"wp","href":"https:\/\/api.w.org\/{rel}","templated":true}]}}