{"id":4570,"date":"2024-09-15T22:19:00","date_gmt":"2024-09-15T22:19:00","guid":{"rendered":"https:\/\/etosoto.com\/architecture\/"},"modified":"2024-09-18T15:11:44","modified_gmt":"2024-09-18T15:11:44","slug":"architecture","status":"publish","type":"page","link":"https:\/\/etosoto.com\/fr\/architecture\/","title":{"rendered":"ARCHITECTURE"},"content":{"rendered":"\t\t<div data-elementor-type=\"wp-page\" data-elementor-id=\"4570\" class=\"elementor elementor-4570\" data-elementor-post-type=\"page\">\n\t\t\t\t<div class=\"elementor-element elementor-element-d75fb8e e-flex e-con-boxed e-con e-parent\" data-id=\"d75fb8e\" data-element_type=\"container\" data-settings=\"{&quot;background_background&quot;:&quot;classic&quot;}\">\n\t\t\t\t\t<div class=\"e-con-inner\">\n\t\t\t\t<div class=\"elementor-element elementor-element-237edae2 elementor-widget elementor-widget-heading\" data-id=\"237edae2\" data-element_type=\"widget\" data-widget_type=\"heading.default\">\n\t\t\t\t<div class=\"elementor-widget-container\">\n\t\t\t<h2 class=\"elementor-heading-title elementor-size-default\">ARCHITECTURE<\/h2>\t\t<\/div>\n\t\t\t\t<\/div>\n\t\t\t\t\t<\/div>\n\t\t\t\t<\/div>\n\t\t<div class=\"elementor-element elementor-element-133041a9 e-flex e-con-boxed e-con e-parent\" data-id=\"133041a9\" data-element_type=\"container\">\n\t\t\t\t\t<div class=\"e-con-inner\">\n\t\t<div class=\"elementor-element elementor-element-743ff383 e-con-full e-flex e-con e-child\" data-id=\"743ff383\" data-element_type=\"container\">\n\t\t\t\t<div class=\"elementor-element elementor-element-59e7e7b6 elementor-widget elementor-widget-image\" data-id=\"59e7e7b6\" data-element_type=\"widget\" data-widget_type=\"image.default\">\n\t\t\t\t<div class=\"elementor-widget-container\">\n\t\t\t\t\t\t\t\t\t\t\t\t\t<img fetchpriority=\"high\" decoding=\"async\" width=\"900\" height=\"506\" src=\"https:\/\/etosoto.com\/wp-content\/uploads\/2024\/09\/etosoto-architecture-1.jpg\" class=\"attachment-full size-full wp-image-4351\" alt=\"\" srcset=\"https:\/\/etosoto.com\/wp-content\/uploads\/2024\/09\/etosoto-architecture-1.jpg 900w, https:\/\/etosoto.com\/wp-content\/uploads\/2024\/09\/etosoto-architecture-1-300x169.jpg 300w, https:\/\/etosoto.com\/wp-content\/uploads\/2024\/09\/etosoto-architecture-1-768x432.jpg 768w\" sizes=\"(max-width: 900px) 100vw, 900px\" \/>\t\t\t\t\t\t\t\t\t\t\t\t\t<\/div>\n\t\t\t\t<\/div>\n\t\t\t\t<div class=\"elementor-element elementor-element-53e6e939 elementor-widget elementor-widget-text-editor\" data-id=\"53e6e939\" data-element_type=\"widget\" data-widget_type=\"text-editor.default\">\n\t\t\t\t<div class=\"elementor-widget-container\">\n\t\t\t\t\t\t\tCe projet s\u2019inspire de la culture de l\u2019architecture en bois japonaise, o\u00f9 la nature prend une dimension centrale en ce qu\u2019elle impulse les raisonnements architecturaux. Nous tentons de cr\u00e9er un n\u0153ud unissant les b\u00e2timents et le paysage, o\u00f9 le corps de l\u2019architecture et le lieu ne font qu\u2019un. \t\t\t\t\t\t<\/div>\n\t\t\t\t<\/div>\n\t\t\t\t<div class=\"elementor-element elementor-element-eaf4036 elementor-widget elementor-widget-text-editor\" data-id=\"eaf4036\" data-element_type=\"widget\" data-widget_type=\"text-editor.default\">\n\t\t\t\t<div class=\"elementor-widget-container\">\n\t\t\t\t\t\t\tL\u2019architecture en bois n\u2019est pas vernaculaire au Portugal, mais elle est \u00e9vidente pour ce projet, car elle se fond dans la nature par similitude de mat\u00e9rialit\u00e9 avec son environnement. C\u2019est un design fonctionnel et sobre, o\u00f9 les dispositions techniques n\u00e9cessaires aux logiques bioclimatiques sont mises \u00e0 contribution pour le dessin.\t\t\t\t\t\t<\/div>\n\t\t\t\t<\/div>\n\t\t\t\t<div class=\"elementor-element elementor-element-a6741a4 elementor-widget elementor-widget-image\" data-id=\"a6741a4\" data-element_type=\"widget\" data-widget_type=\"image.default\">\n\t\t\t\t<div class=\"elementor-widget-container\">\n\t\t\t\t\t\t\t\t\t\t\t\t\t<img decoding=\"async\" width=\"900\" height=\"506\" src=\"https:\/\/etosoto.com\/wp-content\/uploads\/2024\/09\/etosoto-architecture-2.jpg\" class=\"attachment-full size-full wp-image-4352\" alt=\"\" srcset=\"https:\/\/etosoto.com\/wp-content\/uploads\/2024\/09\/etosoto-architecture-2.jpg 900w, https:\/\/etosoto.com\/wp-content\/uploads\/2024\/09\/etosoto-architecture-2-300x169.jpg 300w, https:\/\/etosoto.com\/wp-content\/uploads\/2024\/09\/etosoto-architecture-2-768x432.jpg 768w\" sizes=\"(max-width: 900px) 100vw, 900px\" \/>\t\t\t\t\t\t\t\t\t\t\t\t\t<\/div>\n\t\t\t\t<\/div>\n\t\t\t\t<div class=\"elementor-element elementor-element-cc29933 elementor-widget elementor-widget-image\" data-id=\"cc29933\" data-element_type=\"widget\" data-widget_type=\"image.default\">\n\t\t\t\t<div class=\"elementor-widget-container\">\n\t\t\t\t\t\t\t\t\t\t\t\t\t<img decoding=\"async\" width=\"900\" height=\"594\" src=\"https:\/\/etosoto.com\/wp-content\/uploads\/2024\/09\/etosoto-architecture-3.jpg\" class=\"attachment-full size-full wp-image-4353\" alt=\"\" srcset=\"https:\/\/etosoto.com\/wp-content\/uploads\/2024\/09\/etosoto-architecture-3.jpg 900w, https:\/\/etosoto.com\/wp-content\/uploads\/2024\/09\/etosoto-architecture-3-300x198.jpg 300w, https:\/\/etosoto.com\/wp-content\/uploads\/2024\/09\/etosoto-architecture-3-768x507.jpg 768w\" sizes=\"(max-width: 900px) 100vw, 900px\" \/>\t\t\t\t\t\t\t\t\t\t\t\t\t<\/div>\n\t\t\t\t<\/div>\n\t\t\t\t<div class=\"elementor-element elementor-element-191a49f elementor-widget elementor-widget-image\" data-id=\"191a49f\" data-element_type=\"widget\" data-widget_type=\"image.default\">\n\t\t\t\t<div class=\"elementor-widget-container\">\n\t\t\t\t\t\t\t\t\t\t\t\t\t<img loading=\"lazy\" decoding=\"async\" width=\"900\" height=\"623\" src=\"https:\/\/etosoto.com\/wp-content\/uploads\/2024\/09\/etosoto-architecture-4.jpg\" class=\"attachment-full size-full wp-image-4360\" alt=\"\" srcset=\"https:\/\/etosoto.com\/wp-content\/uploads\/2024\/09\/etosoto-architecture-4.jpg 900w, https:\/\/etosoto.com\/wp-content\/uploads\/2024\/09\/etosoto-architecture-4-300x208.jpg 300w, https:\/\/etosoto.com\/wp-content\/uploads\/2024\/09\/etosoto-architecture-4-768x532.jpg 768w\" sizes=\"(max-width: 900px) 100vw, 900px\" \/>\t\t\t\t\t\t\t\t\t\t\t\t\t<\/div>\n\t\t\t\t<\/div>\n\t\t\t\t<\/div>\n\t\t<div class=\"elementor-element elementor-element-4e3f077 e-con-full e-flex e-con e-child\" data-id=\"4e3f077\" data-element_type=\"container\">\n\t\t\t\t<div class=\"elementor-element elementor-element-5111a86f elementor-widget elementor-widget-text-editor\" data-id=\"5111a86f\" data-element_type=\"widget\" data-widget_type=\"text-editor.default\">\n\t\t\t\t<div class=\"elementor-widget-container\">\n\t\t\t\t\t\t\tNous avons con\u00e7u un design productif sp\u00e9cifique pour ce projet. Depuis 4 ans, nous travaillons sur le processus de transformation complet du bois, jusqu\u2019\u00e0 l\u2019objet fini. Le projet est r\u00e9alis\u00e9 exclusivement avec des bois portugais, et tr\u00e8s majoritairement en eucalyptus. L\u2019eucalyptus est l\u2019un des bois pr\u00e9dominants de la for\u00eat portugaise ; il est principalement transform\u00e9 pour la p\u00e2te \u00e0 papier, donc pour un usage unique. Nous avons donc d\u00e9cid\u00e9 d\u2019explorer cette probl\u00e9matique afin de pouvoir offrir un usage plus noble de ce bois, pour valoriser ces arbres coup\u00e9s et stocker le carbone.\t\t\t\t\t\t<\/div>\n\t\t\t\t<\/div>\n\t\t\t\t<div class=\"elementor-element elementor-element-1df12a74 elementor-widget elementor-widget-image\" data-id=\"1df12a74\" data-element_type=\"widget\" data-widget_type=\"image.default\">\n\t\t\t\t<div class=\"elementor-widget-container\">\n\t\t\t\t\t\t\t\t\t\t\t\t\t<img loading=\"lazy\" decoding=\"async\" width=\"800\" height=\"628\" src=\"https:\/\/etosoto.com\/wp-content\/uploads\/2024\/09\/etosoto-architecture-5.jpg\" class=\"attachment-full size-full wp-image-4364\" alt=\"\" srcset=\"https:\/\/etosoto.com\/wp-content\/uploads\/2024\/09\/etosoto-architecture-5.jpg 800w, https:\/\/etosoto.com\/wp-content\/uploads\/2024\/09\/etosoto-architecture-5-300x236.jpg 300w, https:\/\/etosoto.com\/wp-content\/uploads\/2024\/09\/etosoto-architecture-5-768x603.jpg 768w\" sizes=\"(max-width: 800px) 100vw, 800px\" \/>\t\t\t\t\t\t\t\t\t\t\t\t\t<\/div>\n\t\t\t\t<\/div>\n\t\t\t\t<div class=\"elementor-element elementor-element-4cb42b8b elementor-widget elementor-widget-text-editor\" data-id=\"4cb42b8b\" data-element_type=\"widget\" data-widget_type=\"text-editor.default\">\n\t\t\t\t<div class=\"elementor-widget-container\">\n\t\t\t\t\t\t\t<p>Pour cela, nous avons repris un site industriel abandonn\u00e9 \u00e0 Rio Maior, dans lequel nous avons mont\u00e9, avec <a href=\"https:\/\/www.policronica.com\/\" target=\"_blank\" rel=\"noopener\">Policronica<\/a> (notre branche technique du projet), notre \u00ab laboratoire \u00bb de production. L\u2019eucalyptus est souvent consid\u00e9r\u00e9 comme impropre \u00e0 la construction, car son sciage est complexe et son s\u00e9chage tr\u00e8s long et difficile. Nous avons d\u00e9velopp\u00e9 pendant 2 ans des s\u00e9choirs sous vide solaires (technique de s\u00e9chage hybride canadienne et japonaise) permettant le s\u00e9chage de l\u2019eucalyptus dans des conditions uniformes et rapides.<\/p>\t\t\t\t\t\t<\/div>\n\t\t\t\t<\/div>\n\t\t\t\t<div class=\"elementor-element elementor-element-a4da44a elementor-widget elementor-widget-text-editor\" data-id=\"a4da44a\" data-element_type=\"widget\" data-widget_type=\"text-editor.default\">\n\t\t\t\t<div class=\"elementor-widget-container\">\n\t\t\t\t\t\t\tMa\u00eetrisant toute la cha\u00eene de transformation, nous avons aussi con\u00e7u des m\u00e9thodes de sciage qui nous permettent de valoriser toutes les parties du tronc, notamment pour la fabrication de mobilier.\t\t\t\t\t\t<\/div>\n\t\t\t\t<\/div>\n\t\t\t\t<div class=\"elementor-element elementor-element-b48fe5c elementor-widget elementor-widget-text-editor\" data-id=\"b48fe5c\" data-element_type=\"widget\" data-widget_type=\"text-editor.default\">\n\t\t\t\t<div class=\"elementor-widget-container\">\n\t\t\t\t\t\t\tLa disposition des b\u00e2timents plong\u00e9s dans la nature et la singularit\u00e9 de l\u2019architecture participent largement \u00e0 la dimension exp\u00e9rientielle que pourront vivre les voyageurs.\t\t\t\t\t\t<\/div>\n\t\t\t\t<\/div>\n\t\t\t\t<div class=\"elementor-element elementor-element-e968b79 elementor-widget elementor-widget-image\" data-id=\"e968b79\" data-element_type=\"widget\" data-widget_type=\"image.default\">\n\t\t\t\t<div class=\"elementor-widget-container\">\n\t\t\t\t\t\t\t\t\t\t\t\t\t<img loading=\"lazy\" decoding=\"async\" width=\"600\" height=\"472\" src=\"https:\/\/etosoto.com\/wp-content\/uploads\/2024\/09\/etosoto-architecture-6.jpg\" class=\"attachment-full size-full wp-image-4368\" alt=\"\" srcset=\"https:\/\/etosoto.com\/wp-content\/uploads\/2024\/09\/etosoto-architecture-6.jpg 600w, https:\/\/etosoto.com\/wp-content\/uploads\/2024\/09\/etosoto-architecture-6-300x236.jpg 300w\" sizes=\"(max-width: 600px) 100vw, 600px\" \/>\t\t\t\t\t\t\t\t\t\t\t\t\t<\/div>\n\t\t\t\t<\/div>\n\t\t\t\t<\/div>\n\t\t\t\t\t<\/div>\n\t\t\t\t<\/div>\n\t\t<div class=\"elementor-element elementor-element-40dc47f e-flex e-con-boxed e-con e-parent\" data-id=\"40dc47f\" data-element_type=\"container\" data-settings=\"{&quot;background_background&quot;:&quot;classic&quot;}\">\n\t\t\t\t\t<div class=\"e-con-inner\">\n\t\t\t\t<div class=\"elementor-element elementor-element-f4042b0 elementor-widget elementor-widget-text-editor\" data-id=\"f4042b0\" data-element_type=\"widget\" data-widget_type=\"text-editor.default\">\n\t\t\t\t<div class=\"elementor-widget-container\">\n\t\t\t\t\t\t\tPOUR TOUTE QUESTION, N&rsquo;HESITEZ PAS A NOUS CONTACTER PAR TELEPHONE OU PAR EMAIL.<br> NOUS SERONS RAVIS DE VOUS AIDER.\t\t\t\t\t\t<\/div>\n\t\t\t\t<\/div>\n\t\t<div class=\"elementor-element elementor-element-d7c7b0c e-con-full e-flex e-con e-child\" data-id=\"d7c7b0c\" data-element_type=\"container\">\n\t\t<div class=\"elementor-element elementor-element-7157a0a e-con-full e-flex e-con e-child\" data-id=\"7157a0a\" data-element_type=\"container\">\n\t\t\t\t<div class=\"elementor-element elementor-element-b7e7162 elementor-view-default elementor-position-top elementor-mobile-position-top elementor-widget elementor-widget-icon-box\" data-id=\"b7e7162\" data-element_type=\"widget\" data-widget_type=\"icon-box.default\">\n\t\t\t\t<div class=\"elementor-widget-container\">\n\t\t\t\t\t<div class=\"elementor-icon-box-wrapper\">\n\n\t\t\t\t\t\t<div class=\"elementor-icon-box-icon\">\n\t\t\t\t<span  class=\"elementor-icon elementor-animation-\">\n\t\t\t\t<svg aria-hidden=\"true\" class=\"e-font-icon-svg e-fas-envelope\" viewBox=\"0 0 512 512\" xmlns=\"http:\/\/www.w3.org\/2000\/svg\"><path d=\"M502.3 190.8c3.9-3.1 9.7-.2 9.7 4.7V400c0 26.5-21.5 48-48 48H48c-26.5 0-48-21.5-48-48V195.6c0-5 5.7-7.8 9.7-4.7 22.4 17.4 52.1 39.5 154.1 113.6 21.1 15.4 56.7 47.8 92.2 47.6 35.7.3 72-32.8 92.3-47.6 102-74.1 131.6-96.3 154-113.7zM256 320c23.2.4 56.6-29.2 73.4-41.4 132.7-96.3 142.8-104.7 173.4-128.7 5.8-4.5 9.2-11.5 9.2-18.9v-19c0-26.5-21.5-48-48-48H48C21.5 64 0 85.5 0 112v19c0 7.4 3.4 14.3 9.2 18.9 30.6 23.9 40.7 32.4 173.4 128.7 16.8 12.2 50.2 41.8 73.4 41.4z\"><\/path><\/svg>\t\t\t\t<\/span>\n\t\t\t<\/div>\n\t\t\t\n\t\t\t\t\t\t<div class=\"elementor-icon-box-content\">\n\n\t\t\t\t\n\t\t\t\t\t\t\t\t\t<p class=\"elementor-icon-box-description\">\n\t\t\t\t\t\tcontact @ etosoto.com\n\t\t\t\t\t<\/p>\n\t\t\t\t\n\t\t\t<\/div>\n\t\t\t\n\t\t<\/div>\n\t\t\t\t<\/div>\n\t\t\t\t<\/div>\n\t\t\t\t<\/div>\n\t\t<div class=\"elementor-element elementor-element-c445f40 e-con-full e-flex e-con e-child\" data-id=\"c445f40\" data-element_type=\"container\">\n\t\t\t\t<div class=\"elementor-element elementor-element-4e57a07 elementor-view-default elementor-position-top elementor-mobile-position-top elementor-widget elementor-widget-icon-box\" data-id=\"4e57a07\" data-element_type=\"widget\" data-widget_type=\"icon-box.default\">\n\t\t\t\t<div class=\"elementor-widget-container\">\n\t\t\t\t\t<div class=\"elementor-icon-box-wrapper\">\n\n\t\t\t\t\t\t<div class=\"elementor-icon-box-icon\">\n\t\t\t\t<span  class=\"elementor-icon elementor-animation-\">\n\t\t\t\t<svg aria-hidden=\"true\" class=\"e-font-icon-svg e-fas-map-marker-alt\" viewBox=\"0 0 384 512\" xmlns=\"http:\/\/www.w3.org\/2000\/svg\"><path d=\"M172.268 501.67C26.97 291.031 0 269.413 0 192 0 85.961 85.961 0 192 0s192 85.961 192 192c0 77.413-26.97 99.031-172.268 309.67-9.535 13.774-29.93 13.773-39.464 0zM192 272c44.183 0 80-35.817 80-80s-35.817-80-80-80-80 35.817-80 80 35.817 80 80 80z\"><\/path><\/svg>\t\t\t\t<\/span>\n\t\t\t<\/div>\n\t\t\t\n\t\t\t\t\t\t<div class=\"elementor-icon-box-content\">\n\n\t\t\t\t\n\t\t\t\t\t\t\t\t\t<p class=\"elementor-icon-box-description\">\n\t\t\t\t\t\tEtosoto Cabo Espichel<br>\nAvenida 25 de Abril<br>\nEstrada Nacional 379 \u2013 Az\u00f3ia<br>\n2970-171 Sesimbra, Portugal\t\t\t\t\t<\/p>\n\t\t\t\t\n\t\t\t<\/div>\n\t\t\t\n\t\t<\/div>\n\t\t\t\t<\/div>\n\t\t\t\t<\/div>\n\t\t\t\t<\/div>\n\t\t<div class=\"elementor-element elementor-element-89c9260 e-con-full e-flex e-con e-child\" data-id=\"89c9260\" data-element_type=\"container\">\n\t\t\t\t<div class=\"elementor-element elementor-element-2b1429d elementor-view-default elementor-position-top elementor-mobile-position-top elementor-widget elementor-widget-icon-box\" data-id=\"2b1429d\" data-element_type=\"widget\" data-widget_type=\"icon-box.default\">\n\t\t\t\t<div class=\"elementor-widget-container\">\n\t\t\t\t\t<div class=\"elementor-icon-box-wrapper\">\n\n\t\t\t\t\t\t<div class=\"elementor-icon-box-icon\">\n\t\t\t\t<span  class=\"elementor-icon elementor-animation-\">\n\t\t\t\t<svg aria-hidden=\"true\" class=\"e-font-icon-svg e-fas-phone-alt\" viewBox=\"0 0 512 512\" xmlns=\"http:\/\/www.w3.org\/2000\/svg\"><path d=\"M497.39 361.8l-112-48a24 24 0 0 0-28 6.9l-49.6 60.6A370.66 370.66 0 0 1 130.6 204.11l60.6-49.6a23.94 23.94 0 0 0 6.9-28l-48-112A24.16 24.16 0 0 0 122.6.61l-104 24A24 24 0 0 0 0 48c0 256.5 207.9 464 464 464a24 24 0 0 0 23.4-18.6l24-104a24.29 24.29 0 0 0-14.01-27.6z\"><\/path><\/svg>\t\t\t\t<\/span>\n\t\t\t<\/div>\n\t\t\t\n\t\t\t\t\t\t<div class=\"elementor-icon-box-content\">\n\n\t\t\t\t\n\t\t\t\t\t\t\t\t\t<p class=\"elementor-icon-box-description\">\n\t\t\t\t\t\t+315 933 289 068\t\t\t\t\t<\/p>\n\t\t\t\t\n\t\t\t<\/div>\n\t\t\t\n\t\t<\/div>\n\t\t\t\t<\/div>\n\t\t\t\t<\/div>\n\t\t\t\t<\/div>\n\t\t<div class=\"elementor-element elementor-element-aeadce1 e-con-full e-flex e-con e-child\" data-id=\"aeadce1\" data-element_type=\"container\">\n\t\t\t\t<div class=\"elementor-element elementor-element-5beb8db elementor-shape-rounded elementor-grid-0 e-grid-align-center elementor-widget elementor-widget-social-icons\" data-id=\"5beb8db\" data-element_type=\"widget\" data-widget_type=\"social-icons.default\">\n\t\t\t\t<div class=\"elementor-widget-container\">\n\t\t\t\t\t<div class=\"elementor-social-icons-wrapper elementor-grid\">\n\t\t\t\t\t\t\t<span class=\"elementor-grid-item\">\n\t\t\t\t\t<a class=\"elementor-icon elementor-social-icon elementor-social-icon-pinterest elementor-repeater-item-e016a61\" href=\"https:\/\/pt.pinterest.com\/etosoto\/\" target=\"_blank\" rel=\"noopener\">\n\t\t\t\t\t\t<span class=\"elementor-screen-only\">Pinterest<\/span>\n\t\t\t\t\t\t<svg class=\"e-font-icon-svg e-fab-pinterest\" viewBox=\"0 0 496 512\" xmlns=\"http:\/\/www.w3.org\/2000\/svg\"><path d=\"M496 256c0 137-111 248-248 248-25.6 0-50.2-3.9-73.4-11.1 10.1-16.5 25.2-43.5 30.8-65 3-11.6 15.4-59 15.4-59 8.1 15.4 31.7 28.5 56.8 28.5 74.8 0 128.7-68.8 128.7-154.3 0-81.9-66.9-143.2-152.9-143.2-107 0-163.9 71.8-163.9 150.1 0 36.4 19.4 81.7 50.3 96.1 4.7 2.2 7.2 1.2 8.3-3.3.8-3.4 5-20.3 6.9-28.1.6-2.5.3-4.7-1.7-7.1-10.1-12.5-18.3-35.3-18.3-56.6 0-54.7 41.4-107.6 112-107.6 60.9 0 103.6 41.5 103.6 100.9 0 67.1-33.9 113.6-78 113.6-24.3 0-42.6-20.1-36.7-44.8 7-29.5 20.5-61.3 20.5-82.6 0-19-10.2-34.9-31.4-34.9-24.9 0-44.9 25.7-44.9 60.2 0 22 7.4 36.8 7.4 36.8s-24.5 103.8-29 123.2c-5 21.4-3 51.6-.9 71.2C65.4 450.9 0 361.1 0 256 0 119 111 8 248 8s248 111 248 248z\"><\/path><\/svg>\t\t\t\t\t<\/a>\n\t\t\t\t<\/span>\n\t\t\t\t\t\t\t<span class=\"elementor-grid-item\">\n\t\t\t\t\t<a class=\"elementor-icon elementor-social-icon elementor-social-icon-facebook elementor-repeater-item-368fbd5\" href=\"https:\/\/www.facebook.com\/etosotofarming\" target=\"_blank\" rel=\"noopener\">\n\t\t\t\t\t\t<span class=\"elementor-screen-only\">Facebook<\/span>\n\t\t\t\t\t\t<svg class=\"e-font-icon-svg e-fab-facebook\" viewBox=\"0 0 512 512\" xmlns=\"http:\/\/www.w3.org\/2000\/svg\"><path d=\"M504 256C504 119 393 8 256 8S8 119 8 256c0 123.78 90.69 226.38 209.25 245V327.69h-63V256h63v-54.64c0-62.15 37-96.48 93.67-96.48 27.14 0 55.52 4.84 55.52 4.84v61h-31.28c-30.8 0-40.41 19.12-40.41 38.73V256h68.78l-11 71.69h-57.78V501C413.31 482.38 504 379.78 504 256z\"><\/path><\/svg>\t\t\t\t\t<\/a>\n\t\t\t\t<\/span>\n\t\t\t\t\t\t\t<span class=\"elementor-grid-item\">\n\t\t\t\t\t<a class=\"elementor-icon elementor-social-icon elementor-social-icon-instagram elementor-repeater-item-92f5d48\" href=\"https:\/\/www.instagram.com\/etosoto\" target=\"_blank\" rel=\"noopener\">\n\t\t\t\t\t\t<span class=\"elementor-screen-only\">Instagram<\/span>\n\t\t\t\t\t\t<svg class=\"e-font-icon-svg e-fab-instagram\" viewBox=\"0 0 448 512\" xmlns=\"http:\/\/www.w3.org\/2000\/svg\"><path d=\"M224.1 141c-63.6 0-114.9 51.3-114.9 114.9s51.3 114.9 114.9 114.9S339 319.5 339 255.9 287.7 141 224.1 141zm0 189.6c-41.1 0-74.7-33.5-74.7-74.7s33.5-74.7 74.7-74.7 74.7 33.5 74.7 74.7-33.6 74.7-74.7 74.7zm146.4-194.3c0 14.9-12 26.8-26.8 26.8-14.9 0-26.8-12-26.8-26.8s12-26.8 26.8-26.8 26.8 12 26.8 26.8zm76.1 27.2c-1.7-35.9-9.9-67.7-36.2-93.9-26.2-26.2-58-34.4-93.9-36.2-37-2.1-147.9-2.1-184.9 0-35.8 1.7-67.6 9.9-93.9 36.1s-34.4 58-36.2 93.9c-2.1 37-2.1 147.9 0 184.9 1.7 35.9 9.9 67.7 36.2 93.9s58 34.4 93.9 36.2c37 2.1 147.9 2.1 184.9 0 35.9-1.7 67.7-9.9 93.9-36.2 26.2-26.2 34.4-58 36.2-93.9 2.1-37 2.1-147.8 0-184.8zM398.8 388c-7.8 19.6-22.9 34.7-42.6 42.6-29.5 11.7-99.5 9-132.1 9s-102.7 2.6-132.1-9c-19.6-7.8-34.7-22.9-42.6-42.6-11.7-29.5-9-99.5-9-132.1s-2.6-102.7 9-132.1c7.8-19.6 22.9-34.7 42.6-42.6 29.5-11.7 99.5-9 132.1-9s102.7-2.6 132.1 9c19.6 7.8 34.7 22.9 42.6 42.6 11.7 29.5 9 99.5 9 132.1s2.7 102.7-9 132.1z\"><\/path><\/svg>\t\t\t\t\t<\/a>\n\t\t\t\t<\/span>\n\t\t\t\t\t<\/div>\n\t\t\t\t<\/div>\n\t\t\t\t<\/div>\n\t\t\t\t<div class=\"elementor-element elementor-element-863e74e elementor-widget elementor-widget-text-editor\" data-id=\"863e74e\" data-element_type=\"widget\" data-widget_type=\"text-editor.default\">\n\t\t\t\t<div class=\"elementor-widget-container\">\n\t\t\t\t\t\t\tMENTIONS L\u00c9GALES\t\t\t\t\t\t<\/div>\n\t\t\t\t<\/div>\n\t\t\t\t<\/div>\n\t\t\t\t<\/div>\n\t\t\t\t\t<\/div>\n\t\t\t\t<\/div>\n\t\t\t\t<\/div>\n\t\t","protected":false},"excerpt":{"rendered":"<p>ARCHITECTURE Ce projet s\u2019inspire de la culture de l\u2019architecture en bois japonaise, o\u00f9 la nature prend une dimension centrale en ce qu\u2019elle impulse les raisonnements architecturaux. Nous tentons de cr\u00e9er un n\u0153ud unissant les b\u00e2timents et le paysage, o\u00f9 le corps de l\u2019architecture et le lieu ne font qu\u2019un. L\u2019architecture en bois n\u2019est pas vernaculaire [&hellip;]<\/p>\n","protected":false},"author":1,"featured_media":0,"parent":0,"menu_order":0,"comment_status":"closed","ping_status":"closed","template":"elementor_header_footer","meta":{"rank_math_lock_modified_date":false,"footnotes":""},"class_list":["post-4570","page","type-page","status-publish","hentry"],"_links":{"self":[{"href":"https:\/\/etosoto.com\/fr\/wp-json\/wp\/v2\/pages\/4570"}],"collection":[{"href":"https:\/\/etosoto.com\/fr\/wp-json\/wp\/v2\/pages"}],"about":[{"href":"https:\/\/etosoto.com\/fr\/wp-json\/wp\/v2\/types\/page"}],"author":[{"embeddable":true,"href":"https:\/\/etosoto.com\/fr\/wp-json\/wp\/v2\/users\/1"}],"replies":[{"embeddable":true,"href":"https:\/\/etosoto.com\/fr\/wp-json\/wp\/v2\/comments?post=4570"}],"version-history":[{"count":0,"href":"https:\/\/etosoto.com\/fr\/wp-json\/wp\/v2\/pages\/4570\/revisions"}],"wp:attachment":[{"href":"https:\/\/etosoto.com\/fr\/wp-json\/wp\/v2\/media?parent=4570"}],"curies":[{"name":"wp","href":"https:\/\/api.w.org\/{rel}","templated":true}]}}