{"id":4576,"date":"2024-09-15T22:24:09","date_gmt":"2024-09-15T22:24:09","guid":{"rendered":"https:\/\/etosoto.com\/projectprojet\/"},"modified":"2024-09-18T15:14:31","modified_gmt":"2024-09-18T15:14:31","slug":"projet","status":"publish","type":"page","link":"https:\/\/etosoto.com\/fr\/projet\/","title":{"rendered":"PROJET"},"content":{"rendered":"\t\t<div data-elementor-type=\"wp-page\" data-elementor-id=\"4576\" class=\"elementor elementor-4576\" data-elementor-post-type=\"page\">\n\t\t\t\t<div class=\"elementor-element elementor-element-7ace2572 e-flex e-con-boxed e-con e-parent\" data-id=\"7ace2572\" data-element_type=\"container\" data-settings=\"{&quot;background_background&quot;:&quot;classic&quot;}\">\n\t\t\t\t\t<div class=\"e-con-inner\">\n\t\t\t\t<div class=\"elementor-element elementor-element-28c166a6 elementor-widget elementor-widget-heading\" data-id=\"28c166a6\" data-element_type=\"widget\" data-widget_type=\"heading.default\">\n\t\t\t\t<div class=\"elementor-widget-container\">\n\t\t\t<h2 class=\"elementor-heading-title elementor-size-default\">PROJET<\/h2>\t\t<\/div>\n\t\t\t\t<\/div>\n\t\t\t\t\t<\/div>\n\t\t\t\t<\/div>\n\t\t<div class=\"elementor-element elementor-element-67f671f8 e-flex e-con-boxed e-con e-parent\" data-id=\"67f671f8\" data-element_type=\"container\">\n\t\t\t\t\t<div class=\"e-con-inner\">\n\t\t<div class=\"elementor-element elementor-element-6a3515fe e-con-full e-flex e-con e-child\" data-id=\"6a3515fe\" data-element_type=\"container\">\n\t\t\t\t<div class=\"elementor-element elementor-element-73ef53ab elementor-widget elementor-widget-image\" data-id=\"73ef53ab\" data-element_type=\"widget\" data-widget_type=\"image.default\">\n\t\t\t\t<div class=\"elementor-widget-container\">\n\t\t\t\t\t\t\t\t\t\t\t\t\t<img fetchpriority=\"high\" decoding=\"async\" width=\"900\" height=\"860\" src=\"https:\/\/etosoto.com\/wp-content\/uploads\/2024\/09\/etosoto-project-1.jpg\" class=\"attachment-full size-full wp-image-4328\" alt=\"\" srcset=\"https:\/\/etosoto.com\/wp-content\/uploads\/2024\/09\/etosoto-project-1.jpg 900w, https:\/\/etosoto.com\/wp-content\/uploads\/2024\/09\/etosoto-project-1-300x287.jpg 300w, https:\/\/etosoto.com\/wp-content\/uploads\/2024\/09\/etosoto-project-1-768x734.jpg 768w\" sizes=\"(max-width: 900px) 100vw, 900px\" \/>\t\t\t\t\t\t\t\t\t\t\t\t\t<\/div>\n\t\t\t\t<\/div>\n\t\t\t\t<div class=\"elementor-element elementor-element-8b0668e elementor-widget elementor-widget-text-editor\" data-id=\"8b0668e\" data-element_type=\"widget\" data-widget_type=\"text-editor.default\">\n\t\t\t\t<div class=\"elementor-widget-container\">\n\t\t\t\t\t\t\tLe projet Etosoto se situe au cap de Cabo Espichel, en pleine immersion dans le parc naturel d\u2019Arr\u00e1bida. Le projet s\u2019\u00e9tend sur plus de 3 kilom\u00e8tres. Le site est entour\u00e9 et surplombe l\u2019oc\u00e9an.  \t\t\t\t\t\t<\/div>\n\t\t\t\t<\/div>\n\t\t\t\t<div class=\"elementor-element elementor-element-665e6b18 elementor-widget elementor-widget-text-editor\" data-id=\"665e6b18\" data-element_type=\"widget\" data-widget_type=\"text-editor.default\">\n\t\t\t\t<div class=\"elementor-widget-container\">\n\t\t\t\t\t\t\tL\u2019\u00e9co-h\u00f4tel est constitu\u00e9 de 56 lodges en bois \u00e9parpill\u00e9s sur ce territoire totalement ferm\u00e9 \u00e0 la circulation, avec 12 km de pistes pr\u00e9serv\u00e9es de toute connexion avec le monde urbain.\t\t\t\t\t\t<\/div>\n\t\t\t\t<\/div>\n\t\t\t\t<div class=\"elementor-element elementor-element-40f7806 elementor-widget elementor-widget-text-editor\" data-id=\"40f7806\" data-element_type=\"widget\" data-widget_type=\"text-editor.default\">\n\t\t\t\t<div class=\"elementor-widget-container\">\n\t\t\t\t\t\t\tLe projet est en construction depuis le d\u00e9but de l\u2019ann\u00e9e 2024 et ouvrira ses portes au public d\u00e9but 2026.\t\t\t\t\t\t<\/div>\n\t\t\t\t<\/div>\n\t\t\t\t<div class=\"elementor-element elementor-element-8254c1c elementor-widget elementor-widget-text-editor\" data-id=\"8254c1c\" data-element_type=\"widget\" data-widget_type=\"text-editor.default\">\n\t\t\t\t<div class=\"elementor-widget-container\">\n\t\t\t\t\t\t\tCe projet explore des formes douces d\u2019implantation humaine dans des sites naturels pr\u00e9serv\u00e9s, o\u00f9 l\u2019\u00e9cosyst\u00e8me est activement prot\u00e9g\u00e9. Les constructions sont exclusivement en bois, sur pilotis, sans terrassement r\u00e9alis\u00e9. Les surfaces d\u2019implantation de construction sont tr\u00e8s faibles (0,004 %). Aucun travail de paysagisme n\u2019est pr\u00e9vu pour maintenir une v\u00e9g\u00e9tation primaire autor\u00e9gul\u00e9e. Seul un travail de r\u00e9gulation de notre \u00e9quipe, avec la participation des h\u00f4tes, sera r\u00e9alis\u00e9 pour contr\u00f4ler le maintien des habitats v\u00e9g\u00e9taux indig\u00e8nes et restreindre les habitats invasifs\t\t\t\t\t\t<\/div>\n\t\t\t\t<\/div>\n\t\t\t\t<div class=\"elementor-element elementor-element-fef380c elementor-widget elementor-widget-video\" data-id=\"fef380c\" data-element_type=\"widget\" data-settings=\"{&quot;youtube_url&quot;:&quot;https:\\\/\\\/www.youtube.com\\\/watch?v=qFSB1exY16M&quot;,&quot;video_type&quot;:&quot;youtube&quot;,&quot;controls&quot;:&quot;yes&quot;}\" data-widget_type=\"video.default\">\n\t\t\t\t<div class=\"elementor-widget-container\">\n\t\t\t\t\t<div class=\"elementor-wrapper elementor-open-inline\">\n\t\t\t<div class=\"elementor-video\"><\/div>\t\t<\/div>\n\t\t\t\t<\/div>\n\t\t\t\t<\/div>\n\t\t\t\t<\/div>\n\t\t<div class=\"elementor-element elementor-element-3952a570 e-con-full e-flex e-con e-child\" data-id=\"3952a570\" data-element_type=\"container\">\n\t\t\t\t<div class=\"elementor-element elementor-element-1a5b112b elementor-widget elementor-widget-text-editor\" data-id=\"1a5b112b\" data-element_type=\"widget\" data-widget_type=\"text-editor.default\">\n\t\t\t\t<div class=\"elementor-widget-container\">\n\t\t\t\t\t\t\tCe projet inclut \u00e9galement un volet important li\u00e9 \u00e0 la formation indirecte \u00e0 travers une r\u00e9flexion sur les pratiques en lien avec la nature et la culture. Au-del\u00e0 d\u2019un ensemble de pratiques de loisirs et sportives courantes (v\u00e9lo, surf, kayak, plong\u00e9e, escalade, yoga\u2026), notre souhait est de donner acc\u00e8s \u00e0 des activit\u00e9s enrichissantes et transformatrices pour les adultes et les jeunes publics, ax\u00e9es sur l\u2019exploration technique de la nature et de la culture. Nous proposerons, par exemple, des activit\u00e9s de r\u00e9alisation de films, d\u2019apprentissage de la musique, de transformation des plantes et de syst\u00e8mes d\u2019agroforesterie, ainsi que des voyages sonores et litt\u00e9raires dans le parc naturel. Toujours dans un cadre divertissant et ludique, nous souhaitons, notamment pour les jeunes publics, profiter des moments de vacances pour cr\u00e9er un environnement propice \u00e0 l\u2019\u00e9veil intellectuel et culturel.\t\t\t\t\t\t<\/div>\n\t\t\t\t<\/div>\n\t\t\t\t<div class=\"elementor-element elementor-element-1216d016 elementor-widget elementor-widget-image\" data-id=\"1216d016\" data-element_type=\"widget\" data-widget_type=\"image.default\">\n\t\t\t\t<div class=\"elementor-widget-container\">\n\t\t\t\t\t\t\t\t\t\t\t\t\t<img decoding=\"async\" width=\"600\" height=\"472\" src=\"https:\/\/etosoto.com\/wp-content\/uploads\/2024\/09\/etosoto-project-2.jpg\" class=\"attachment-full size-full wp-image-4331\" alt=\"\" srcset=\"https:\/\/etosoto.com\/wp-content\/uploads\/2024\/09\/etosoto-project-2.jpg 600w, https:\/\/etosoto.com\/wp-content\/uploads\/2024\/09\/etosoto-project-2-300x236.jpg 300w\" sizes=\"(max-width: 600px) 100vw, 600px\" \/>\t\t\t\t\t\t\t\t\t\t\t\t\t<\/div>\n\t\t\t\t<\/div>\n\t\t\t\t<div class=\"elementor-element elementor-element-116cbddb elementor-widget elementor-widget-text-editor\" data-id=\"116cbddb\" data-element_type=\"widget\" data-widget_type=\"text-editor.default\">\n\t\t\t\t<div class=\"elementor-widget-container\">\n\t\t\t\t\t\t\tC\u2019est un projet exclusivement en bois, pens\u00e9 selon les pr\u00e9ceptes de l\u2019architecture bioclimatique, avec une conception ax\u00e9e sur la sobri\u00e9t\u00e9 et l\u2019utilisation de bois locaux. Le projet est autonome \u00e9nerg\u00e9tiquement et l\u2019ensemble des eaux us\u00e9es est trait\u00e9 pour \u00eatre utilis\u00e9 pour l\u2019irrigation souterraine de la partie agricole.\t\t\t\t\t\t<\/div>\n\t\t\t\t<\/div>\n\t\t\t\t<div class=\"elementor-element elementor-element-c2de585 elementor-widget elementor-widget-text-editor\" data-id=\"c2de585\" data-element_type=\"widget\" data-widget_type=\"text-editor.default\">\n\t\t\t\t<div class=\"elementor-widget-container\">\n\t\t\t\t\t\t\tLe projet inclut \u00e9galement un volet d\u2019agroforesterie, qui sera d\u00e9velopp\u00e9 progressivement pour permettre l\u2019approvisionnement du restaurant et des \u00e9tudes techniques sur le d\u00e9veloppement de certains habitats indig\u00e8nes du parc naturel d\u2019Arr\u00e1bida.\t\t\t\t\t\t<\/div>\n\t\t\t\t<\/div>\n\t\t\t\t<div class=\"elementor-element elementor-element-383cd53 elementor-widget elementor-widget-text-editor\" data-id=\"383cd53\" data-element_type=\"widget\" data-widget_type=\"text-editor.default\">\n\t\t\t\t<div class=\"elementor-widget-container\">\n\t\t\t\t\t\t\tAfin d\u2019encourager la sobri\u00e9t\u00e9 et la participation active au projet, une dizaine de crit\u00e8res influenceront le prix pay\u00e9 par les h\u00f4tes, \u00e0 savoir notamment : voyageurs locaux, voyageurs sans voitures, consommation d\u2019eau et d\u2019\u00e9lectricit\u00e9, et participation \u00e0 la gestion du parc naturel.\t\t\t\t\t\t<\/div>\n\t\t\t\t<\/div>\n\t\t\t\t<\/div>\n\t\t\t\t\t<\/div>\n\t\t\t\t<\/div>\n\t\t<div class=\"elementor-element elementor-element-9481411 e-flex e-con-boxed e-con e-parent\" data-id=\"9481411\" data-element_type=\"container\" data-settings=\"{&quot;background_background&quot;:&quot;classic&quot;}\">\n\t\t\t\t\t<div class=\"e-con-inner\">\n\t\t\t\t<div class=\"elementor-element elementor-element-90d65e6 elementor-widget elementor-widget-text-editor\" data-id=\"90d65e6\" data-element_type=\"widget\" data-widget_type=\"text-editor.default\">\n\t\t\t\t<div class=\"elementor-widget-container\">\n\t\t\t\t\t\t\tPOUR TOUTE QUESTION, N&rsquo;HESITEZ PAS A NOUS CONTACTER PAR TELEPHONE OU PAR EMAIL.<br> NOUS SERONS RAVIS DE VOUS AIDER.\t\t\t\t\t\t<\/div>\n\t\t\t\t<\/div>\n\t\t<div class=\"elementor-element elementor-element-84a56d0 e-con-full e-flex e-con e-child\" data-id=\"84a56d0\" data-element_type=\"container\">\n\t\t<div class=\"elementor-element elementor-element-27188e6 e-con-full e-flex e-con e-child\" data-id=\"27188e6\" data-element_type=\"container\">\n\t\t\t\t<div class=\"elementor-element elementor-element-a9b1c81 elementor-view-default elementor-position-top elementor-mobile-position-top elementor-widget elementor-widget-icon-box\" data-id=\"a9b1c81\" data-element_type=\"widget\" data-widget_type=\"icon-box.default\">\n\t\t\t\t<div class=\"elementor-widget-container\">\n\t\t\t\t\t<div class=\"elementor-icon-box-wrapper\">\n\n\t\t\t\t\t\t<div class=\"elementor-icon-box-icon\">\n\t\t\t\t<span  class=\"elementor-icon elementor-animation-\">\n\t\t\t\t<svg aria-hidden=\"true\" class=\"e-font-icon-svg e-fas-envelope\" viewBox=\"0 0 512 512\" xmlns=\"http:\/\/www.w3.org\/2000\/svg\"><path d=\"M502.3 190.8c3.9-3.1 9.7-.2 9.7 4.7V400c0 26.5-21.5 48-48 48H48c-26.5 0-48-21.5-48-48V195.6c0-5 5.7-7.8 9.7-4.7 22.4 17.4 52.1 39.5 154.1 113.6 21.1 15.4 56.7 47.8 92.2 47.6 35.7.3 72-32.8 92.3-47.6 102-74.1 131.6-96.3 154-113.7zM256 320c23.2.4 56.6-29.2 73.4-41.4 132.7-96.3 142.8-104.7 173.4-128.7 5.8-4.5 9.2-11.5 9.2-18.9v-19c0-26.5-21.5-48-48-48H48C21.5 64 0 85.5 0 112v19c0 7.4 3.4 14.3 9.2 18.9 30.6 23.9 40.7 32.4 173.4 128.7 16.8 12.2 50.2 41.8 73.4 41.4z\"><\/path><\/svg>\t\t\t\t<\/span>\n\t\t\t<\/div>\n\t\t\t\n\t\t\t\t\t\t<div class=\"elementor-icon-box-content\">\n\n\t\t\t\t\n\t\t\t\t\t\t\t\t\t<p class=\"elementor-icon-box-description\">\n\t\t\t\t\t\tcontact @ etosoto.com\n\t\t\t\t\t<\/p>\n\t\t\t\t\n\t\t\t<\/div>\n\t\t\t\n\t\t<\/div>\n\t\t\t\t<\/div>\n\t\t\t\t<\/div>\n\t\t\t\t<\/div>\n\t\t<div class=\"elementor-element elementor-element-d6ce36b e-con-full e-flex e-con e-child\" data-id=\"d6ce36b\" data-element_type=\"container\">\n\t\t\t\t<div class=\"elementor-element elementor-element-dfed414 elementor-view-default elementor-position-top elementor-mobile-position-top elementor-widget elementor-widget-icon-box\" data-id=\"dfed414\" data-element_type=\"widget\" data-widget_type=\"icon-box.default\">\n\t\t\t\t<div class=\"elementor-widget-container\">\n\t\t\t\t\t<div class=\"elementor-icon-box-wrapper\">\n\n\t\t\t\t\t\t<div class=\"elementor-icon-box-icon\">\n\t\t\t\t<span  class=\"elementor-icon elementor-animation-\">\n\t\t\t\t<svg aria-hidden=\"true\" class=\"e-font-icon-svg e-fas-map-marker-alt\" viewBox=\"0 0 384 512\" xmlns=\"http:\/\/www.w3.org\/2000\/svg\"><path d=\"M172.268 501.67C26.97 291.031 0 269.413 0 192 0 85.961 85.961 0 192 0s192 85.961 192 192c0 77.413-26.97 99.031-172.268 309.67-9.535 13.774-29.93 13.773-39.464 0zM192 272c44.183 0 80-35.817 80-80s-35.817-80-80-80-80 35.817-80 80 35.817 80 80 80z\"><\/path><\/svg>\t\t\t\t<\/span>\n\t\t\t<\/div>\n\t\t\t\n\t\t\t\t\t\t<div class=\"elementor-icon-box-content\">\n\n\t\t\t\t\n\t\t\t\t\t\t\t\t\t<p class=\"elementor-icon-box-description\">\n\t\t\t\t\t\tEtosoto Cabo Espichel<br>\nAvenida 25 de Abril<br>\nEstrada Nacional 379 \u2013 Az\u00f3ia<br>\n2970-171 Sesimbra, Portugal\t\t\t\t\t<\/p>\n\t\t\t\t\n\t\t\t<\/div>\n\t\t\t\n\t\t<\/div>\n\t\t\t\t<\/div>\n\t\t\t\t<\/div>\n\t\t\t\t<\/div>\n\t\t<div class=\"elementor-element elementor-element-aa71b94 e-con-full e-flex e-con e-child\" data-id=\"aa71b94\" data-element_type=\"container\">\n\t\t\t\t<div class=\"elementor-element elementor-element-c0af476 elementor-view-default elementor-position-top elementor-mobile-position-top elementor-widget elementor-widget-icon-box\" data-id=\"c0af476\" data-element_type=\"widget\" data-widget_type=\"icon-box.default\">\n\t\t\t\t<div class=\"elementor-widget-container\">\n\t\t\t\t\t<div class=\"elementor-icon-box-wrapper\">\n\n\t\t\t\t\t\t<div class=\"elementor-icon-box-icon\">\n\t\t\t\t<span  class=\"elementor-icon elementor-animation-\">\n\t\t\t\t<svg aria-hidden=\"true\" class=\"e-font-icon-svg e-fas-phone-alt\" viewBox=\"0 0 512 512\" xmlns=\"http:\/\/www.w3.org\/2000\/svg\"><path d=\"M497.39 361.8l-112-48a24 24 0 0 0-28 6.9l-49.6 60.6A370.66 370.66 0 0 1 130.6 204.11l60.6-49.6a23.94 23.94 0 0 0 6.9-28l-48-112A24.16 24.16 0 0 0 122.6.61l-104 24A24 24 0 0 0 0 48c0 256.5 207.9 464 464 464a24 24 0 0 0 23.4-18.6l24-104a24.29 24.29 0 0 0-14.01-27.6z\"><\/path><\/svg>\t\t\t\t<\/span>\n\t\t\t<\/div>\n\t\t\t\n\t\t\t\t\t\t<div class=\"elementor-icon-box-content\">\n\n\t\t\t\t\n\t\t\t\t\t\t\t\t\t<p class=\"elementor-icon-box-description\">\n\t\t\t\t\t\t+315 933 289 068\t\t\t\t\t<\/p>\n\t\t\t\t\n\t\t\t<\/div>\n\t\t\t\n\t\t<\/div>\n\t\t\t\t<\/div>\n\t\t\t\t<\/div>\n\t\t\t\t<\/div>\n\t\t<div class=\"elementor-element elementor-element-182b70e e-con-full e-flex e-con e-child\" data-id=\"182b70e\" data-element_type=\"container\">\n\t\t\t\t<div class=\"elementor-element elementor-element-49d9792 elementor-shape-rounded elementor-grid-0 e-grid-align-center elementor-widget elementor-widget-social-icons\" data-id=\"49d9792\" data-element_type=\"widget\" data-widget_type=\"social-icons.default\">\n\t\t\t\t<div class=\"elementor-widget-container\">\n\t\t\t\t\t<div class=\"elementor-social-icons-wrapper elementor-grid\">\n\t\t\t\t\t\t\t<span class=\"elementor-grid-item\">\n\t\t\t\t\t<a class=\"elementor-icon elementor-social-icon elementor-social-icon-pinterest elementor-repeater-item-e016a61\" href=\"https:\/\/pt.pinterest.com\/etosoto\/\" target=\"_blank\" rel=\"noopener\">\n\t\t\t\t\t\t<span class=\"elementor-screen-only\">Pinterest<\/span>\n\t\t\t\t\t\t<svg class=\"e-font-icon-svg e-fab-pinterest\" viewBox=\"0 0 496 512\" xmlns=\"http:\/\/www.w3.org\/2000\/svg\"><path d=\"M496 256c0 137-111 248-248 248-25.6 0-50.2-3.9-73.4-11.1 10.1-16.5 25.2-43.5 30.8-65 3-11.6 15.4-59 15.4-59 8.1 15.4 31.7 28.5 56.8 28.5 74.8 0 128.7-68.8 128.7-154.3 0-81.9-66.9-143.2-152.9-143.2-107 0-163.9 71.8-163.9 150.1 0 36.4 19.4 81.7 50.3 96.1 4.7 2.2 7.2 1.2 8.3-3.3.8-3.4 5-20.3 6.9-28.1.6-2.5.3-4.7-1.7-7.1-10.1-12.5-18.3-35.3-18.3-56.6 0-54.7 41.4-107.6 112-107.6 60.9 0 103.6 41.5 103.6 100.9 0 67.1-33.9 113.6-78 113.6-24.3 0-42.6-20.1-36.7-44.8 7-29.5 20.5-61.3 20.5-82.6 0-19-10.2-34.9-31.4-34.9-24.9 0-44.9 25.7-44.9 60.2 0 22 7.4 36.8 7.4 36.8s-24.5 103.8-29 123.2c-5 21.4-3 51.6-.9 71.2C65.4 450.9 0 361.1 0 256 0 119 111 8 248 8s248 111 248 248z\"><\/path><\/svg>\t\t\t\t\t<\/a>\n\t\t\t\t<\/span>\n\t\t\t\t\t\t\t<span class=\"elementor-grid-item\">\n\t\t\t\t\t<a class=\"elementor-icon elementor-social-icon elementor-social-icon-facebook elementor-repeater-item-368fbd5\" href=\"https:\/\/www.facebook.com\/etosotofarming\" target=\"_blank\" rel=\"noopener\">\n\t\t\t\t\t\t<span class=\"elementor-screen-only\">Facebook<\/span>\n\t\t\t\t\t\t<svg class=\"e-font-icon-svg e-fab-facebook\" viewBox=\"0 0 512 512\" xmlns=\"http:\/\/www.w3.org\/2000\/svg\"><path d=\"M504 256C504 119 393 8 256 8S8 119 8 256c0 123.78 90.69 226.38 209.25 245V327.69h-63V256h63v-54.64c0-62.15 37-96.48 93.67-96.48 27.14 0 55.52 4.84 55.52 4.84v61h-31.28c-30.8 0-40.41 19.12-40.41 38.73V256h68.78l-11 71.69h-57.78V501C413.31 482.38 504 379.78 504 256z\"><\/path><\/svg>\t\t\t\t\t<\/a>\n\t\t\t\t<\/span>\n\t\t\t\t\t\t\t<span class=\"elementor-grid-item\">\n\t\t\t\t\t<a class=\"elementor-icon elementor-social-icon elementor-social-icon-instagram elementor-repeater-item-92f5d48\" href=\"https:\/\/www.instagram.com\/etosoto\" target=\"_blank\" rel=\"noopener\">\n\t\t\t\t\t\t<span class=\"elementor-screen-only\">Instagram<\/span>\n\t\t\t\t\t\t<svg class=\"e-font-icon-svg e-fab-instagram\" viewBox=\"0 0 448 512\" xmlns=\"http:\/\/www.w3.org\/2000\/svg\"><path d=\"M224.1 141c-63.6 0-114.9 51.3-114.9 114.9s51.3 114.9 114.9 114.9S339 319.5 339 255.9 287.7 141 224.1 141zm0 189.6c-41.1 0-74.7-33.5-74.7-74.7s33.5-74.7 74.7-74.7 74.7 33.5 74.7 74.7-33.6 74.7-74.7 74.7zm146.4-194.3c0 14.9-12 26.8-26.8 26.8-14.9 0-26.8-12-26.8-26.8s12-26.8 26.8-26.8 26.8 12 26.8 26.8zm76.1 27.2c-1.7-35.9-9.9-67.7-36.2-93.9-26.2-26.2-58-34.4-93.9-36.2-37-2.1-147.9-2.1-184.9 0-35.8 1.7-67.6 9.9-93.9 36.1s-34.4 58-36.2 93.9c-2.1 37-2.1 147.9 0 184.9 1.7 35.9 9.9 67.7 36.2 93.9s58 34.4 93.9 36.2c37 2.1 147.9 2.1 184.9 0 35.9-1.7 67.7-9.9 93.9-36.2 26.2-26.2 34.4-58 36.2-93.9 2.1-37 2.1-147.8 0-184.8zM398.8 388c-7.8 19.6-22.9 34.7-42.6 42.6-29.5 11.7-99.5 9-132.1 9s-102.7 2.6-132.1-9c-19.6-7.8-34.7-22.9-42.6-42.6-11.7-29.5-9-99.5-9-132.1s-2.6-102.7 9-132.1c7.8-19.6 22.9-34.7 42.6-42.6 29.5-11.7 99.5-9 132.1-9s102.7-2.6 132.1 9c19.6 7.8 34.7 22.9 42.6 42.6 11.7 29.5 9 99.5 9 132.1s2.7 102.7-9 132.1z\"><\/path><\/svg>\t\t\t\t\t<\/a>\n\t\t\t\t<\/span>\n\t\t\t\t\t<\/div>\n\t\t\t\t<\/div>\n\t\t\t\t<\/div>\n\t\t\t\t<div class=\"elementor-element elementor-element-6c865c7 elementor-widget elementor-widget-text-editor\" data-id=\"6c865c7\" data-element_type=\"widget\" data-widget_type=\"text-editor.default\">\n\t\t\t\t<div class=\"elementor-widget-container\">\n\t\t\t\t\t\t\tMENTIONS L\u00c9GALES\t\t\t\t\t\t<\/div>\n\t\t\t\t<\/div>\n\t\t\t\t<\/div>\n\t\t\t\t<\/div>\n\t\t\t\t\t<\/div>\n\t\t\t\t<\/div>\n\t\t\t\t<\/div>\n\t\t","protected":false},"excerpt":{"rendered":"<p>PROJET Le projet Etosoto se situe au cap de Cabo Espichel, en pleine immersion dans le parc naturel d\u2019Arr\u00e1bida. Le projet s\u2019\u00e9tend sur plus de 3 kilom\u00e8tres. Le site est entour\u00e9 et surplombe l\u2019oc\u00e9an. L\u2019\u00e9co-h\u00f4tel est constitu\u00e9 de 56 lodges en bois \u00e9parpill\u00e9s sur ce territoire totalement ferm\u00e9 \u00e0 la circulation, avec 12 km de [&hellip;]<\/p>\n","protected":false},"author":1,"featured_media":0,"parent":0,"menu_order":0,"comment_status":"closed","ping_status":"closed","template":"elementor_header_footer","meta":{"rank_math_lock_modified_date":false,"footnotes":""},"class_list":["post-4576","page","type-page","status-publish","hentry"],"_links":{"self":[{"href":"https:\/\/etosoto.com\/fr\/wp-json\/wp\/v2\/pages\/4576"}],"collection":[{"href":"https:\/\/etosoto.com\/fr\/wp-json\/wp\/v2\/pages"}],"about":[{"href":"https:\/\/etosoto.com\/fr\/wp-json\/wp\/v2\/types\/page"}],"author":[{"embeddable":true,"href":"https:\/\/etosoto.com\/fr\/wp-json\/wp\/v2\/users\/1"}],"replies":[{"embeddable":true,"href":"https:\/\/etosoto.com\/fr\/wp-json\/wp\/v2\/comments?post=4576"}],"version-history":[{"count":0,"href":"https:\/\/etosoto.com\/fr\/wp-json\/wp\/v2\/pages\/4576\/revisions"}],"wp:attachment":[{"href":"https:\/\/etosoto.com\/fr\/wp-json\/wp\/v2\/media?parent=4576"}],"curies":[{"name":"wp","href":"https:\/\/api.w.org\/{rel}","templated":true}]}}